{"id":341,"date":"2024-03-12T00:51:44","date_gmt":"2024-03-12T00:51:44","guid":{"rendered":"https:\/\/demsecinstitute.org\/?page_id=341"},"modified":"2024-03-25T09:00:29","modified_gmt":"2024-03-25T09:00:29","slug":"members-2022","status":"publish","type":"page","link":"https:\/\/demsecinstitute.org\/?page_id=341","title":{"rendered":"Members 2022"},"content":{"rendered":"\n<div class=\"wp-block-media-text alignwide is-stacked-on-mobile\" style=\"grid-template-columns:23% auto\"><figure class=\"wp-block-media-text__media\"><img loading=\"lazy\" decoding=\"async\" width=\"1024\" height=\"933\" src=\"https:\/\/demsecinstitute.org\/wp-content\/uploads\/2024\/03\/e07c5-yevgeniya-gaber-scaled-1-1024x933.jpeg\" alt=\"\" class=\"wp-image-249 size-full\" srcset=\"https:\/\/demsecinstitute.org\/wp-content\/uploads\/2024\/03\/e07c5-yevgeniya-gaber-scaled-1-1024x933.jpeg 1024w, https:\/\/demsecinstitute.org\/wp-content\/uploads\/2024\/03\/e07c5-yevgeniya-gaber-scaled-1-300x273.jpeg 300w, https:\/\/demsecinstitute.org\/wp-content\/uploads\/2024\/03\/e07c5-yevgeniya-gaber-scaled-1-768x700.jpeg 768w, https:\/\/demsecinstitute.org\/wp-content\/uploads\/2024\/03\/e07c5-yevgeniya-gaber-scaled-1-1536x1400.jpeg 1536w, https:\/\/demsecinstitute.org\/wp-content\/uploads\/2024\/03\/e07c5-yevgeniya-gaber-scaled-1-2048x1866.jpeg 2048w\" sizes=\"auto, (max-width: 1024px) 100vw, 1024px\" \/><\/figure><div class=\"wp-block-media-text__content\">\n<p><strong>Dr. Yevgeniya Gaber<\/strong> is a Ukrainian foreign policy expert, a non-resident Senior Fellow at the Atlantic Council IN TURKEY and the Center in Modern Turkish Studies, Norman Paterson School of International Affairs (NPSIA), Carleton University.&nbsp;She is also teaching a MA course on the Black Sea security at NPSIA as a visiting scholar and 2022 \u00d6zerdin\u00e7 \u2013 Grimes Fellow. <\/p>\n\n\n\n<p><a href=\"https:\/\/demsecinstitute.org\/?page_id=357\" data-type=\"page\" data-id=\"357\">see full bio<\/a><\/p>\n<\/div><\/div>\n\n\n\n<div class=\"wp-block-media-text alignwide is-stacked-on-mobile\" style=\"grid-template-columns:23% auto\"><figure class=\"wp-block-media-text__media\"><img loading=\"lazy\" decoding=\"async\" width=\"747\" height=\"1024\" src=\"https:\/\/demsecinstitute.org\/wp-content\/uploads\/2024\/03\/d3445-img_20211202_135121-scaled-1-747x1024.jpeg\" alt=\"\" class=\"wp-image-239 size-full\" srcset=\"https:\/\/demsecinstitute.org\/wp-content\/uploads\/2024\/03\/d3445-img_20211202_135121-scaled-1-747x1024.jpeg 747w, https:\/\/demsecinstitute.org\/wp-content\/uploads\/2024\/03\/d3445-img_20211202_135121-scaled-1-219x300.jpeg 219w, https:\/\/demsecinstitute.org\/wp-content\/uploads\/2024\/03\/d3445-img_20211202_135121-scaled-1-768x1053.jpeg 768w, https:\/\/demsecinstitute.org\/wp-content\/uploads\/2024\/03\/d3445-img_20211202_135121-scaled-1-1120x1536.jpeg 1120w, https:\/\/demsecinstitute.org\/wp-content\/uploads\/2024\/03\/d3445-img_20211202_135121-scaled-1-1494x2048.jpeg 1494w, https:\/\/demsecinstitute.org\/wp-content\/uploads\/2024\/03\/d3445-img_20211202_135121-scaled-1.jpeg 1867w\" sizes=\"auto, (max-width: 747px) 100vw, 747px\" \/><\/figure><div class=\"wp-block-media-text__content\">\n<p><strong>Gela Merabishvili<\/strong> is an associated researcher at CSS (Tbilisi) and a post-doctoral researcher at E\u00f6tv\u00f6s Lor\u00e1nd University (Budapest). He specializes in the political geography of territorial conflicts, nationalism and borders, particularly in Central and Eastern Europe and the Caucasus region. He holds a PhD degree in Planning, Governance and Globalization (Virginia Tech, 2020) and two Master\u2019s Degrees in the EU foreign affairs (Maastricht University, 2012) and regional politics in the Caucasus (Tbilisi State University, 2013).  <\/p>\n\n\n\n<p><a href=\"https:\/\/demsecinstitute.org\/?page_id=355\" data-type=\"page\" data-id=\"355\">see full bio<\/a><\/p>\n<\/div><\/div>\n\n\n\n<div class=\"wp-block-media-text alignwide is-stacked-on-mobile\" style=\"grid-template-columns:23% auto\"><figure class=\"wp-block-media-text__media\"><img loading=\"lazy\" decoding=\"async\" width=\"683\" height=\"1024\" src=\"https:\/\/demsecinstitute.org\/wp-content\/uploads\/2024\/03\/59b33-cdd96246-4b09-496d-b419-abe9fdfcb77c-683x1024.jpg\" alt=\"\" class=\"wp-image-141 size-full\" srcset=\"https:\/\/demsecinstitute.org\/wp-content\/uploads\/2024\/03\/59b33-cdd96246-4b09-496d-b419-abe9fdfcb77c-683x1024.jpg 683w, https:\/\/demsecinstitute.org\/wp-content\/uploads\/2024\/03\/59b33-cdd96246-4b09-496d-b419-abe9fdfcb77c-200x300.jpg 200w, https:\/\/demsecinstitute.org\/wp-content\/uploads\/2024\/03\/59b33-cdd96246-4b09-496d-b419-abe9fdfcb77c-768x1152.jpg 768w, https:\/\/demsecinstitute.org\/wp-content\/uploads\/2024\/03\/59b33-cdd96246-4b09-496d-b419-abe9fdfcb77c-1024x1536.jpg 1024w, https:\/\/demsecinstitute.org\/wp-content\/uploads\/2024\/03\/59b33-cdd96246-4b09-496d-b419-abe9fdfcb77c.jpg 1280w\" sizes=\"auto, (max-width: 683px) 100vw, 683px\" \/><\/figure><div class=\"wp-block-media-text__content\">\n<p><strong>Dr. Natalie Sabanadze<\/strong> is a Cyrus Vance visiting professor in International Relations at Mount Holyoke College, USA. Prior to taking up this position in August 2021, she served as head of the Georgian mission to the European Union and ambassador plenipotentiary to the Kingdom of Belgium and Grand Duchy of Luxembourg since 2013. In the period of 2005-2013, she worked at the OSCE High Commissioner on National Minorities in The Hague, Netherlands, where she held several senior positions including head of Central and South East Europe section and later, head of the Eastern Europe, Caucasus and Central Asia section. <\/p>\n\n\n\n<p><a href=\"https:\/\/demsecinstitute.org\/?page_id=351\" data-type=\"page\" data-id=\"351\">see full bio<\/a><\/p>\n<\/div><\/div>\n\n\n\n<div class=\"wp-block-media-text alignwide is-stacked-on-mobile\" style=\"grid-template-columns:23% auto\"><figure class=\"wp-block-media-text__media\"><img loading=\"lazy\" decoding=\"async\" width=\"1024\" height=\"1015\" src=\"https:\/\/demsecinstitute.org\/wp-content\/uploads\/2024\/03\/fa173-tatia-1024x1015.jpeg\" alt=\"\" class=\"wp-image-262 size-full\" srcset=\"https:\/\/demsecinstitute.org\/wp-content\/uploads\/2024\/03\/fa173-tatia-1024x1015.jpeg 1024w, https:\/\/demsecinstitute.org\/wp-content\/uploads\/2024\/03\/fa173-tatia-300x297.jpeg 300w, https:\/\/demsecinstitute.org\/wp-content\/uploads\/2024\/03\/fa173-tatia-150x150.jpeg 150w, https:\/\/demsecinstitute.org\/wp-content\/uploads\/2024\/03\/fa173-tatia-768x761.jpeg 768w, https:\/\/demsecinstitute.org\/wp-content\/uploads\/2024\/03\/fa173-tatia.jpeg 1029w\" sizes=\"auto, (max-width: 1024px) 100vw, 1024px\" \/><\/figure><div class=\"wp-block-media-text__content\">\n<p><strong>Dr. Tatia Chikhladze<\/strong> is an Associate Professor at the British University of Georgia. From 2015 to 2018, she worked as a researcher at the Research Centre for East European Studies at the University of Bremen. She has extensive experience of working on various analytical positions at different public institutions in Georgia.&nbsp;Tatia completed her PhD at the University of Bremen in Germany. Her doctoral dissertation focuses on strategies of post-Soviet authoritarian regimes for power preservation in times of political crises. <\/p>\n\n\n\n<p><a href=\"https:\/\/demsecinstitute.org\/?page_id=349\" data-type=\"page\" data-id=\"349\">See full bio<\/a><\/p>\n<\/div><\/div>\n\n\n\n<div class=\"wp-block-media-text alignwide is-stacked-on-mobile\" style=\"grid-template-columns:23% auto\"><figure class=\"wp-block-media-text__media\"><img loading=\"lazy\" decoding=\"async\" width=\"1024\" height=\"684\" src=\"https:\/\/demsecinstitute.org\/wp-content\/uploads\/2024\/03\/10696-nino-ghvinadze-1024x684.jpg\" alt=\"\" class=\"wp-image-176 size-full\" srcset=\"https:\/\/demsecinstitute.org\/wp-content\/uploads\/2024\/03\/10696-nino-ghvinadze-1024x684.jpg 1024w, https:\/\/demsecinstitute.org\/wp-content\/uploads\/2024\/03\/10696-nino-ghvinadze-300x200.jpg 300w, https:\/\/demsecinstitute.org\/wp-content\/uploads\/2024\/03\/10696-nino-ghvinadze-768x513.jpg 768w, https:\/\/demsecinstitute.org\/wp-content\/uploads\/2024\/03\/10696-nino-ghvinadze.jpg 1258w\" sizes=\"auto, (max-width: 1024px) 100vw, 1024px\" \/><\/figure><div class=\"wp-block-media-text__content\">\n<p><strong>Nino Ghvinadze<\/strong> is a nonresident fellow with the Eurasia Center, Atlantic Council. Her areas of interest include policy analysis, migration policy and data management, political partis and regional security. In the past 10 years Nino has worked at international development organizations, local think tanks, and government entities. <\/p>\n\n\n\n<p><a href=\"https:\/\/demsecinstitute.org\/?page_id=345\" data-type=\"page\" data-id=\"345\">see full bio<\/a><\/p>\n<\/div><\/div>\n\n\n\n<div class=\"wp-block-media-text alignwide is-stacked-on-mobile\" style=\"grid-template-columns:23% auto\"><figure class=\"wp-block-media-text__media\"><img loading=\"lazy\" decoding=\"async\" width=\"958\" height=\"1024\" src=\"https:\/\/demsecinstitute.org\/wp-content\/uploads\/2024\/03\/f22f7-img_2450-958x1024.jpg\" alt=\"\" class=\"wp-image-260 size-full\" srcset=\"https:\/\/demsecinstitute.org\/wp-content\/uploads\/2024\/03\/f22f7-img_2450-958x1024.jpg 958w, https:\/\/demsecinstitute.org\/wp-content\/uploads\/2024\/03\/f22f7-img_2450-281x300.jpg 281w, https:\/\/demsecinstitute.org\/wp-content\/uploads\/2024\/03\/f22f7-img_2450-768x821.jpg 768w, https:\/\/demsecinstitute.org\/wp-content\/uploads\/2024\/03\/f22f7-img_2450-1437x1536.jpg 1437w, https:\/\/demsecinstitute.org\/wp-content\/uploads\/2024\/03\/f22f7-img_2450.jpg 1804w\" sizes=\"auto, (max-width: 958px) 100vw, 958px\" \/><\/figure><div class=\"wp-block-media-text__content\">\n<p><strong>Andro Atoev<\/strong> is Krakow-based, Tbilisi-born observer and occasional pundit of Georgian and regional politics and international affairs. For over 10 years he has worked in the corporate world in finance and human resources fields having previously graduated with a degree in Computer Engineering. He joins EDSN as a rising scholar to enhance his links to the Eurasia regional analytical community and continue his growth as a researcher and analyst.<\/p>\n<\/div><\/div>\n\n\n\n<div class=\"wp-block-media-text alignwide is-stacked-on-mobile\" style=\"grid-template-columns:23% auto\"><figure class=\"wp-block-media-text__media\"><img loading=\"lazy\" decoding=\"async\" width=\"946\" height=\"1024\" src=\"https:\/\/demsecinstitute.org\/wp-content\/uploads\/2024\/03\/a8eb2-j.-melikyan-946x1024.jpg\" alt=\"\" class=\"wp-image-196 size-full\" srcset=\"https:\/\/demsecinstitute.org\/wp-content\/uploads\/2024\/03\/a8eb2-j.-melikyan-946x1024.jpg 946w, https:\/\/demsecinstitute.org\/wp-content\/uploads\/2024\/03\/a8eb2-j.-melikyan-277x300.jpg 277w, https:\/\/demsecinstitute.org\/wp-content\/uploads\/2024\/03\/a8eb2-j.-melikyan-768x831.jpg 768w, https:\/\/demsecinstitute.org\/wp-content\/uploads\/2024\/03\/a8eb2-j.-melikyan-1419x1536.jpg 1419w, https:\/\/demsecinstitute.org\/wp-content\/uploads\/2024\/03\/a8eb2-j.-melikyan.jpg 1891w\" sizes=\"auto, (max-width: 946px) 100vw, 946px\" \/><\/figure><div class=\"wp-block-media-text__content\">\n<p><strong>Johnny G. Melikyan<\/strong> is a Yerevan-based analyst and political scientist, focusing on the on regional developments, domestic and foreign policy, as well as on the security and conflict resolution in the South Caucasus. He is currently working as a Senior Research Fellow at the Orbeli Center, a think tank created by the SNCO \u201cPublic Relations and Information Center\u201d of Staff of the Prime Minister of the Republic of Armenia (since 2019). <\/p>\n\n\n\n<p><a href=\"https:\/\/demsecinstitute.org\/?page_id=343\" data-type=\"page\" data-id=\"343\">see full bio<\/a><\/p>\n<\/div><\/div>\n","protected":false},"excerpt":{"rendered":"<p>Dr. Yevgeniya Gaber is a Ukrainian foreign policy expert, a non-resident Senior Fellow at the Atlantic Council IN TURKEY and the Center in Modern Turkish Studies, Norman Paterson School of International Affairs (NPSIA), Carleton University.&nbsp;She is also teaching a MA course on the Black Sea security at NPSIA as a visiting scholar and 2022 \u00d6zerdin\u00e7 [&hellip;]<\/p>\n","protected":false},"author":1,"featured_media":0,"parent":288,"menu_order":0,"comment_status":"closed","ping_status":"closed","template":"","meta":{"footnotes":""},"class_list":["post-341","page","type-page","status-publish","hentry"],"yoast_head":"<!-- This site is optimized with the Yoast SEO plugin v23.7 - https:\/\/yoast.com\/wordpress\/plugins\/seo\/ -->\n<title>Members 2022 - Democratic Security Institute<\/title>\n<meta name=\"robots\" content=\"index, follow, max-snippet:-1, max-image-preview:large, max-video-preview:-1\" \/>\n<link rel=\"canonical\" href=\"https:\/\/demsecinstitute.org\/?page_id=341\" \/>\n<meta property=\"og:locale\" content=\"en_US\" \/>\n<meta property=\"og:type\" content=\"article\" \/>\n<meta property=\"og:title\" content=\"Members 2022 - Democratic Security Institute\" \/>\n<meta property=\"og:description\" content=\"Dr. Yevgeniya Gaber is a Ukrainian foreign policy expert, a non-resident Senior Fellow at the Atlantic Council IN TURKEY and the Center in Modern Turkish Studies, Norman Paterson School of International Affairs (NPSIA), Carleton University.&nbsp;She is also teaching a MA course on the Black Sea security at NPSIA as a visiting scholar and 2022 \u00d6zerdin\u00e7 [&hellip;]\" \/>\n<meta property=\"og:url\" content=\"https:\/\/demsecinstitute.org\/?page_id=341\" \/>\n<meta property=\"og:site_name\" content=\"Democratic Security Institute\" \/>\n<meta property=\"article:publisher\" content=\"https:\/\/www.facebook.com\/profile.php?id=100088850526858\" \/>\n<meta property=\"article:modified_time\" content=\"2024-03-25T09:00:29+00:00\" \/>\n<meta property=\"og:image\" content=\"https:\/\/demsecinstitute.org\/wp-content\/uploads\/2024\/03\/e07c5-yevgeniya-gaber-scaled-1-1024x933.jpeg\" \/>\n<meta name=\"twitter:card\" content=\"summary_large_image\" \/>\n<meta name=\"twitter:site\" content=\"@demsecinstitute\" \/>\n<meta name=\"twitter:label1\" content=\"Est. reading time\" \/>\n\t<meta name=\"twitter:data1\" content=\"4 minutes\" \/>\n<script type=\"application\/ld+json\" class=\"yoast-schema-graph\">{\"@context\":\"https:\/\/schema.org\",\"@graph\":[{\"@type\":\"WebPage\",\"@id\":\"https:\/\/demsecinstitute.org\/?page_id=341\",\"url\":\"https:\/\/demsecinstitute.org\/?page_id=341\",\"name\":\"Members 2022 - Democratic Security Institute\",\"isPartOf\":{\"@id\":\"https:\/\/demsecinstitute.org\/#website\"},\"primaryImageOfPage\":{\"@id\":\"https:\/\/demsecinstitute.org\/?page_id=341#primaryimage\"},\"image\":{\"@id\":\"https:\/\/demsecinstitute.org\/?page_id=341#primaryimage\"},\"thumbnailUrl\":\"https:\/\/demsecinstitute.org\/wp-content\/uploads\/2024\/03\/e07c5-yevgeniya-gaber-scaled-1-1024x933.jpeg\",\"datePublished\":\"2024-03-12T00:51:44+00:00\",\"dateModified\":\"2024-03-25T09:00:29+00:00\",\"breadcrumb\":{\"@id\":\"https:\/\/demsecinstitute.org\/?page_id=341#breadcrumb\"},\"inLanguage\":\"en-US\",\"potentialAction\":[{\"@type\":\"ReadAction\",\"target\":[\"https:\/\/demsecinstitute.org\/?page_id=341\"]}]},{\"@type\":\"ImageObject\",\"inLanguage\":\"en-US\",\"@id\":\"https:\/\/demsecinstitute.org\/?page_id=341#primaryimage\",\"url\":\"https:\/\/demsecinstitute.org\/wp-content\/uploads\/2024\/03\/e07c5-yevgeniya-gaber-scaled-1.jpeg\",\"contentUrl\":\"https:\/\/demsecinstitute.org\/wp-content\/uploads\/2024\/03\/e07c5-yevgeniya-gaber-scaled-1.jpeg\",\"width\":2560,\"height\":2333},{\"@type\":\"BreadcrumbList\",\"@id\":\"https:\/\/demsecinstitute.org\/?page_id=341#breadcrumb\",\"itemListElement\":[{\"@type\":\"ListItem\",\"position\":1,\"name\":\"Home\",\"item\":\"https:\/\/demsecinstitute.org\/\"},{\"@type\":\"ListItem\",\"position\":2,\"name\":\"Members\",\"item\":\"https:\/\/demsecinstitute.org\/?page_id=288\"},{\"@type\":\"ListItem\",\"position\":3,\"name\":\"Members 2022\"}]},{\"@type\":\"WebSite\",\"@id\":\"https:\/\/demsecinstitute.org\/#website\",\"url\":\"https:\/\/demsecinstitute.org\/\",\"name\":\"Democratic Security Institute\",\"description\":\"\",\"publisher\":{\"@id\":\"https:\/\/demsecinstitute.org\/#organization\"},\"potentialAction\":[{\"@type\":\"SearchAction\",\"target\":{\"@type\":\"EntryPoint\",\"urlTemplate\":\"https:\/\/demsecinstitute.org\/?s={search_term_string}\"},\"query-input\":{\"@type\":\"PropertyValueSpecification\",\"valueRequired\":true,\"valueName\":\"search_term_string\"}}],\"inLanguage\":\"en-US\"},{\"@type\":\"Organization\",\"@id\":\"https:\/\/demsecinstitute.org\/#organization\",\"name\":\"Democratic Security Institute\",\"url\":\"https:\/\/demsecinstitute.org\/\",\"logo\":{\"@type\":\"ImageObject\",\"inLanguage\":\"en-US\",\"@id\":\"https:\/\/demsecinstitute.org\/#\/schema\/logo\/image\/\",\"url\":\"https:\/\/demsecinstitute.org\/wp-content\/uploads\/2024\/03\/New-logo.jpg\",\"contentUrl\":\"https:\/\/demsecinstitute.org\/wp-content\/uploads\/2024\/03\/New-logo.jpg\",\"width\":700,\"height\":280,\"caption\":\"Democratic Security Institute\"},\"image\":{\"@id\":\"https:\/\/demsecinstitute.org\/#\/schema\/logo\/image\/\"},\"sameAs\":[\"https:\/\/www.facebook.com\/profile.php?id=100088850526858\",\"https:\/\/x.com\/demsecinstitute\"]}]}<\/script>\n<!-- \/ Yoast SEO plugin. -->","yoast_head_json":{"title":"Members 2022 - Democratic Security Institute","robots":{"index":"index","follow":"follow","max-snippet":"max-snippet:-1","max-image-preview":"max-image-preview:large","max-video-preview":"max-video-preview:-1"},"canonical":"https:\/\/demsecinstitute.org\/?page_id=341","og_locale":"en_US","og_type":"article","og_title":"Members 2022 - Democratic Security Institute","og_description":"Dr. Yevgeniya Gaber is a Ukrainian foreign policy expert, a non-resident Senior Fellow at the Atlantic Council IN TURKEY and the Center in Modern Turkish Studies, Norman Paterson School of International Affairs (NPSIA), Carleton University.&nbsp;She is also teaching a MA course on the Black Sea security at NPSIA as a visiting scholar and 2022 \u00d6zerdin\u00e7 [&hellip;]","og_url":"https:\/\/demsecinstitute.org\/?page_id=341","og_site_name":"Democratic Security Institute","article_publisher":"https:\/\/www.facebook.com\/profile.php?id=100088850526858","article_modified_time":"2024-03-25T09:00:29+00:00","og_image":[{"url":"https:\/\/demsecinstitute.org\/wp-content\/uploads\/2024\/03\/e07c5-yevgeniya-gaber-scaled-1-1024x933.jpeg"}],"twitter_card":"summary_large_image","twitter_site":"@demsecinstitute","twitter_misc":{"Est. reading time":"4 minutes"},"schema":{"@context":"https:\/\/schema.org","@graph":[{"@type":"WebPage","@id":"https:\/\/demsecinstitute.org\/?page_id=341","url":"https:\/\/demsecinstitute.org\/?page_id=341","name":"Members 2022 - Democratic Security Institute","isPartOf":{"@id":"https:\/\/demsecinstitute.org\/#website"},"primaryImageOfPage":{"@id":"https:\/\/demsecinstitute.org\/?page_id=341#primaryimage"},"image":{"@id":"https:\/\/demsecinstitute.org\/?page_id=341#primaryimage"},"thumbnailUrl":"https:\/\/demsecinstitute.org\/wp-content\/uploads\/2024\/03\/e07c5-yevgeniya-gaber-scaled-1-1024x933.jpeg","datePublished":"2024-03-12T00:51:44+00:00","dateModified":"2024-03-25T09:00:29+00:00","breadcrumb":{"@id":"https:\/\/demsecinstitute.org\/?page_id=341#breadcrumb"},"inLanguage":"en-US","potentialAction":[{"@type":"ReadAction","target":["https:\/\/demsecinstitute.org\/?page_id=341"]}]},{"@type":"ImageObject","inLanguage":"en-US","@id":"https:\/\/demsecinstitute.org\/?page_id=341#primaryimage","url":"https:\/\/demsecinstitute.org\/wp-content\/uploads\/2024\/03\/e07c5-yevgeniya-gaber-scaled-1.jpeg","contentUrl":"https:\/\/demsecinstitute.org\/wp-content\/uploads\/2024\/03\/e07c5-yevgeniya-gaber-scaled-1.jpeg","width":2560,"height":2333},{"@type":"BreadcrumbList","@id":"https:\/\/demsecinstitute.org\/?page_id=341#breadcrumb","itemListElement":[{"@type":"ListItem","position":1,"name":"Home","item":"https:\/\/demsecinstitute.org\/"},{"@type":"ListItem","position":2,"name":"Members","item":"https:\/\/demsecinstitute.org\/?page_id=288"},{"@type":"ListItem","position":3,"name":"Members 2022"}]},{"@type":"WebSite","@id":"https:\/\/demsecinstitute.org\/#website","url":"https:\/\/demsecinstitute.org\/","name":"Democratic Security Institute","description":"","publisher":{"@id":"https:\/\/demsecinstitute.org\/#organization"},"potentialAction":[{"@type":"SearchAction","target":{"@type":"EntryPoint","urlTemplate":"https:\/\/demsecinstitute.org\/?s={search_term_string}"},"query-input":{"@type":"PropertyValueSpecification","valueRequired":true,"valueName":"search_term_string"}}],"inLanguage":"en-US"},{"@type":"Organization","@id":"https:\/\/demsecinstitute.org\/#organization","name":"Democratic Security Institute","url":"https:\/\/demsecinstitute.org\/","logo":{"@type":"ImageObject","inLanguage":"en-US","@id":"https:\/\/demsecinstitute.org\/#\/schema\/logo\/image\/","url":"https:\/\/demsecinstitute.org\/wp-content\/uploads\/2024\/03\/New-logo.jpg","contentUrl":"https:\/\/demsecinstitute.org\/wp-content\/uploads\/2024\/03\/New-logo.jpg","width":700,"height":280,"caption":"Democratic Security Institute"},"image":{"@id":"https:\/\/demsecinstitute.org\/#\/schema\/logo\/image\/"},"sameAs":["https:\/\/www.facebook.com\/profile.php?id=100088850526858","https:\/\/x.com\/demsecinstitute"]}]}},"_links":{"self":[{"href":"https:\/\/demsecinstitute.org\/index.php?rest_route=\/wp\/v2\/pages\/341","targetHints":{"allow":["GET"]}}],"collection":[{"href":"https:\/\/demsecinstitute.org\/index.php?rest_route=\/wp\/v2\/pages"}],"about":[{"href":"https:\/\/demsecinstitute.org\/index.php?rest_route=\/wp\/v2\/types\/page"}],"author":[{"embeddable":true,"href":"https:\/\/demsecinstitute.org\/index.php?rest_route=\/wp\/v2\/users\/1"}],"replies":[{"embeddable":true,"href":"https:\/\/demsecinstitute.org\/index.php?rest_route=%2Fwp%2Fv2%2Fcomments&post=341"}],"version-history":[{"count":5,"href":"https:\/\/demsecinstitute.org\/index.php?rest_route=\/wp\/v2\/pages\/341\/revisions"}],"predecessor-version":[{"id":778,"href":"https:\/\/demsecinstitute.org\/index.php?rest_route=\/wp\/v2\/pages\/341\/revisions\/778"}],"up":[{"embeddable":true,"href":"https:\/\/demsecinstitute.org\/index.php?rest_route=\/wp\/v2\/pages\/288"}],"wp:attachment":[{"href":"https:\/\/demsecinstitute.org\/index.php?rest_route=%2Fwp%2Fv2%2Fmedia&parent=341"}],"curies":[{"name":"wp","href":"https:\/\/api.w.org\/{rel}","templated":true}]}}